{"id":43,"date":"2023-09-18T09:06:28","date_gmt":"2023-09-18T09:06:28","guid":{"rendered":"https:\/\/eutrofyt.tuzvo.sk\/?page_id=43"},"modified":"2025-02-24T08:39:17","modified_gmt":"2025-02-24T08:39:17","slug":"results","status":"publish","type":"page","link":"https:\/\/eutrofyt.tuzvo.sk\/?page_id=43","title":{"rendered":"Results"},"content":{"rendered":"\n<div id=\"wp-block-themeisle-blocks-advanced-columns-38d2521b\" class=\"wp-block-themeisle-blocks-advanced-columns has-1-columns has-desktop-equal-layout has-tablet-equal-layout has-mobile-equal-layout has-vertical-unset\"><div class=\"wp-block-themeisle-blocks-advanced-columns-overlay\"><\/div><div class=\"innerblocks-wrap\">\n<div id=\"wp-block-themeisle-blocks-advanced-column-936eed08\" class=\"wp-block-themeisle-blocks-advanced-column\">\n<p class=\"has-black-color has-text-color has-large-font-size\">Publications<\/p>\n\n\n\n<p class=\"has-black-color has-text-color\">Burrascano, S., Chianucci, F., Trentanovi, G., Kepfer-Rojas, S., Sitzia, T., Tinya, F., &#8230; &amp; \u00d3dor, P. (2023). Where are we now with European forest multi-taxon biodiversity and where can we head to?.&nbsp;<em>Biological Conservation<\/em>,&nbsp;<em>284<\/em>, 110176. <a href=\"https:\/\/www.sciencedirect.com\/science\/article\/pii\/S000632072300277X\" target=\"_blank\" rel=\"noreferrer noopener\">link<\/a><\/p>\n\n\n\n<p class=\"has-black-color has-text-color\">Tinya, F., Doerfler, I., de Groot, M., Heilman-Clausen, J., Kov\u00e1cs, B., M\u00e5rell, A., &#8230; &amp; \u00d3dor, P. (2023). A synthesis of multi-taxa management experiments to guide forest biodiversity conservation in Europe.&nbsp;<em>Global Ecology and Conservation<\/em>, e02553. <a href=\"https:\/\/www.sciencedirect.com\/science\/article\/pii\/S2351989423001889\" target=\"_blank\" rel=\"noreferrer noopener\">link<\/a><\/p>\n\n\n\n<p class=\"has-black-color has-text-color\">Haesen et al. 2023:&nbsp;ForestClim \u2013 Bioclimatic variables for microclimate temperatures of European forests. Global Change Biology, <a href=\"https:\/\/onlinelibrary.wiley.com\/doi\/full\/10.1111\/gcb.16678\" target=\"_blank\" rel=\"noreferrer noopener\">link<\/a><\/p>\n\n\n\n<p class=\"has-black-color has-text-color\">Lembrechts J. J. et al. 2022: Global maps of soil temperature. Global Change Biology 28: 3110-3144&nbsp;<a href=\"https:\/\/onlinelibrary.wiley.com\/doi\/abs\/10.1111\/gcb.16060\" target=\"_blank\" rel=\"noreferrer noopener\">link<\/a><\/p>\n\n\n\n<p class=\"has-black-color has-text-color\">Haesen S. et al. 2021:&nbsp;ForestTemp \u2013 sub-canopy microclimate temperatures of European forests, Global Change Biology 27: 6307\u20136319,&nbsp;<a href=\"https:\/\/onlinelibrary.wiley.com\/doi\/abs\/10.1111\/gcb.15892\" target=\"_blank\" rel=\"noreferrer noopener\">link<\/a>&nbsp;<\/p>\n\n\n\n<p class=\"has-black-color has-text-color\">Lembrechts J. J. et al. 2020: SoilTemp: a global database of near\u2010surface temperature, Global Change Biology 26: 6616-6629, <a href=\"https:\/\/onlinelibrary.wiley.com\/doi\/10.1111\/gcb.15123\" target=\"_blank\" rel=\"noreferrer noopener\">link<\/a><\/p>\n\n\n\n<p class=\"has-black-color has-text-color has-large-font-size\">Video<\/p>\n\n\n\n<p class=\"has-black-color has-text-color\">Discussion in Slovak Television, topic Forest ecosystems in Slovakia&nbsp;<a href=\"https:\/\/www.rtvs.sk\/televizia\/archiv\/15377\/306606\" target=\"_blank\" rel=\"noreferrer noopener\">link<\/a><\/p>\n\n\n\n<p class=\"has-black-color has-text-color\">Talk at Czech Botanical Society, topic: <\/p>\n\n\n\n<p class=\"has-black-color has-text-color\">Experimental restoration of diversity and species composition of oak forests in the Western Carpatians <a href=\"https:\/\/www.youtube.com\/watch?v=nah4y2J8wmE\" target=\"_blank\" rel=\"noreferrer noopener\">link<\/a><\/p>\n\n\n\n<p class=\"has-black-color has-text-color has-link-color wp-elements-357af56a746d7491a0ca6aa1ce625e3a\">Coppicing: How trees regenerate <a href=\"https:\/\/www.youtube.com\/watch?v=J1wv60J7-PQ\" data-type=\"link\" data-id=\"https:\/\/www.youtube.com\/watch?v=J1wv60J7-PQ\">link<\/a><\/p>\n\n\n\n<p class=\"has-black-color has-text-color has-link-color wp-elements-fa9869ebe9624078657a66e5a7001f4b\">Pollarding: Historical signs in the landscape <a href=\"https:\/\/www.youtube.com\/watch?v=jmBc7l15-rE\" data-type=\"link\" data-id=\"https:\/\/www.youtube.com\/watch?v=jmBc7l15-rE\">link<\/a><\/p>\n\n\n\n<p class=\"has-black-color has-text-color has-large-font-size\">Conference talks<\/p>\n\n\n\n<div class=\"wp-block-file\"><a id=\"wp-block-file--media-07fa487a-f56c-4f06-9ce9-dd6dd6cf6761\" href=\"\/wp-content\/uploads\/2023\/10\/Impact-of-experimental-interventions-inspired-by-historical-management-and-environmental-changes-on-thermophilization-of-temperate-oak-forest-understorey_-Csolleova-et-al.pdf\">Impact-of-experimental-interventions-inspired-by-historical-management-and-environmental-changes-on-thermophilization-of-temperate-oak-forest-understorey_-Csolleova-et-al<\/a><a href=\"\/wp-content\/uploads\/2023\/10\/Impact-of-experimental-interventions-inspired-by-historical-management-and-environmental-changes-on-thermophilization-of-temperate-oak-forest-understorey_-Csolleova-et-al.pdf\" class=\"wp-block-file__button wp-element-button\" download aria-describedby=\"wp-block-file--media-07fa487a-f56c-4f06-9ce9-dd6dd6cf6761\">Download<\/a><\/div>\n\n\n\n<div class=\"wp-block-file\"><a id=\"wp-block-file--media-3aec39bd-4f48-4a24-b7b5-218dbca31394\" href=\"\/wp-content\/uploads\/2023\/10\/Rapid-response-of-vegetation-biodiversity-and-composition_Ujhazy-et-al-HEF2021.pdf\">Rapid-response-of-vegetation-biodiversity-and-composition_Ujhazy-et-al-HEF2021<\/a><a href=\"\/wp-content\/uploads\/2023\/10\/Rapid-response-of-vegetation-biodiversity-and-composition_Ujhazy-et-al-HEF2021.pdf\" class=\"wp-block-file__button wp-element-button\" download aria-describedby=\"wp-block-file--media-3aec39bd-4f48-4a24-b7b5-218dbca31394\">Download<\/a><\/div>\n<\/div>\n<\/div><\/div>\n\n\n\n<p><\/p>\n","protected":false},"excerpt":{"rendered":"","protected":false},"author":2,"featured_media":0,"parent":0,"menu_order":0,"comment_status":"closed","ping_status":"closed","template":"","meta":{"ocean_post_layout":"","ocean_both_sidebars_style":"","ocean_both_sidebars_content_width":0,"ocean_both_sidebars_sidebars_width":0,"ocean_sidebar":"","ocean_second_sidebar":"","ocean_disable_margins":"enable","ocean_add_body_class":"","ocean_shortcode_before_top_bar":"","ocean_shortcode_after_top_bar":"","ocean_shortcode_before_header":"","ocean_shortcode_after_header":"","ocean_has_shortcode":"","ocean_shortcode_after_title":"","ocean_shortcode_before_footer_widgets":"","ocean_shortcode_after_footer_widgets":"","ocean_shortcode_before_footer_bottom":"","ocean_shortcode_after_footer_bottom":"","ocean_display_top_bar":"off","ocean_display_header":"default","ocean_header_style":"","ocean_center_header_left_menu":"","ocean_custom_header_template":"","ocean_custom_logo":0,"ocean_custom_retina_logo":0,"ocean_custom_logo_max_width":0,"ocean_custom_logo_tablet_max_width":0,"ocean_custom_logo_mobile_max_width":0,"ocean_custom_logo_max_height":0,"ocean_custom_logo_tablet_max_height":0,"ocean_custom_logo_mobile_max_height":0,"ocean_header_custom_menu":"9","ocean_menu_typo_font_family":"","ocean_menu_typo_font_subset":"","ocean_menu_typo_font_size":0,"ocean_menu_typo_font_size_tablet":0,"ocean_menu_typo_font_size_mobile":0,"ocean_menu_typo_font_size_unit":"px","ocean_menu_typo_font_weight":"","ocean_menu_typo_font_weight_tablet":"","ocean_menu_typo_font_weight_mobile":"","ocean_menu_typo_transform":"","ocean_menu_typo_transform_tablet":"","ocean_menu_typo_transform_mobile":"","ocean_menu_typo_line_height":0,"ocean_menu_typo_line_height_tablet":0,"ocean_menu_typo_line_height_mobile":0,"ocean_menu_typo_line_height_unit":"","ocean_menu_typo_spacing":0,"ocean_menu_typo_spacing_tablet":0,"ocean_menu_typo_spacing_mobile":0,"ocean_menu_typo_spacing_unit":"","ocean_menu_link_color":"","ocean_menu_link_color_hover":"","ocean_menu_link_color_active":"","ocean_menu_link_background":"","ocean_menu_link_hover_background":"","ocean_menu_link_active_background":"","ocean_menu_social_links_bg":"","ocean_menu_social_hover_links_bg":"","ocean_menu_social_links_color":"","ocean_menu_social_hover_links_color":"","ocean_disable_title":"default","ocean_disable_heading":"default","ocean_post_title":"","ocean_post_subheading":"","ocean_post_title_style":"","ocean_post_title_background_color":"#EFEBE0","ocean_post_title_background":0,"ocean_post_title_bg_image_position":"","ocean_post_title_bg_image_attachment":"","ocean_post_title_bg_image_repeat":"","ocean_post_title_bg_image_size":"","ocean_post_title_height":0,"ocean_post_title_bg_overlay":0.5,"ocean_post_title_bg_overlay_color":"","ocean_disable_breadcrumbs":"default","ocean_breadcrumbs_color":"","ocean_breadcrumbs_separator_color":"","ocean_breadcrumbs_links_color":"","ocean_breadcrumbs_links_hover_color":"","ocean_display_footer_widgets":"off","ocean_display_footer_bottom":"off","ocean_custom_footer_template":"","_themeisle_gutenberg_block_has_review":false,"footnotes":""},"_links":{"self":[{"href":"https:\/\/eutrofyt.tuzvo.sk\/index.php?rest_route=\/wp\/v2\/pages\/43"}],"collection":[{"href":"https:\/\/eutrofyt.tuzvo.sk\/index.php?rest_route=\/wp\/v2\/pages"}],"about":[{"href":"https:\/\/eutrofyt.tuzvo.sk\/index.php?rest_route=\/wp\/v2\/types\/page"}],"author":[{"embeddable":true,"href":"https:\/\/eutrofyt.tuzvo.sk\/index.php?rest_route=\/wp\/v2\/users\/2"}],"replies":[{"embeddable":true,"href":"https:\/\/eutrofyt.tuzvo.sk\/index.php?rest_route=%2Fwp%2Fv2%2Fcomments&post=43"}],"version-history":[{"count":16,"href":"https:\/\/eutrofyt.tuzvo.sk\/index.php?rest_route=\/wp\/v2\/pages\/43\/revisions"}],"predecessor-version":[{"id":589,"href":"https:\/\/eutrofyt.tuzvo.sk\/index.php?rest_route=\/wp\/v2\/pages\/43\/revisions\/589"}],"wp:attachment":[{"href":"https:\/\/eutrofyt.tuzvo.sk\/index.php?rest_route=%2Fwp%2Fv2%2Fmedia&parent=43"}],"curies":[{"name":"wp","href":"https:\/\/api.w.org\/{rel}","templated":true}]}}