{"id":148,"date":"2023-10-04T08:29:21","date_gmt":"2023-10-04T08:29:21","guid":{"rendered":"https:\/\/eutrofyt.tuzvo.sk\/?page_id=148"},"modified":"2025-04-11T09:25:42","modified_gmt":"2025-04-11T09:25:42","slug":"home-2","status":"publish","type":"page","link":"https:\/\/eutrofyt.tuzvo.sk\/","title":{"rendered":"Home"},"content":{"rendered":"\n<div class=\"wp-block-cover alignfull animated fadeIn\" style=\"min-height:800px\"><span aria-hidden=\"true\" class=\"wp-block-cover__background has-background-dim-60 has-background-dim\"><\/span><img loading=\"lazy\" decoding=\"async\" width=\"2560\" height=\"1920\" class=\"wp-block-cover__image-background wp-image-143\" alt=\"\" src=\"\/wp-content\/uploads\/2023\/09\/20230608_085820-scaled.jpg\" data-object-fit=\"cover\" srcset=\"\/wp-content\/uploads\/2023\/09\/20230608_085820-scaled.jpg 2560w, \/wp-content\/uploads\/2023\/09\/20230608_085820-300x225.jpg 300w, \/wp-content\/uploads\/2023\/09\/20230608_085820-1024x768.jpg 1024w, \/wp-content\/uploads\/2023\/09\/20230608_085820-768x576.jpg 768w, \/wp-content\/uploads\/2023\/09\/20230608_085820-1536x1152.jpg 1536w, \/wp-content\/uploads\/2023\/09\/20230608_085820-2048x1536.jpg 2048w\" sizes=\"(max-width: 2560px) 100vw, 2560px\" \/><div class=\"wp-block-cover__inner-container is-layout-flow wp-block-cover-is-layout-flow\">\n<h2 class=\"wp-block-heading alignwide has-text-align-left has-white-color has-text-color\" style=\"font-size:55px;font-style:normal;font-weight:600;text-transform:uppercase\">Eutrofyt<\/h2>\n\n\n\n<div class=\"wp-block-columns alignwide is-layout-flex wp-container-core-columns-layout-1 wp-block-columns-is-layout-flex\">\n<div class=\"wp-block-column is-layout-flow wp-block-column-is-layout-flow\" style=\"flex-basis:55%\">\n<p class=\"has-white-color has-text-color\" style=\"font-size:20px;line-height:1.3\"><strong>Experimental restoration of oak forest vegetation<\/strong><\/p>\n\n\n\n<p class=\"has-white-color has-text-color has-link-color wp-elements-da05cfad06c7ab0de2d3b5b734919915\">European oak forests have experienced significant transformations over the past centuries, largely attributed to anthropogenic environmental changes like global climate shifts, increased nitrogen deposition, and the abandonment of historical management such as litter raking or grazing. These alterations have resulted in observed shifts in species composition and diversity, characterized by thermophilization, mesophication, and biotic homogenization. However, understanding the ecological mechanisms driving these recent changes is challenging due to the synergistic impacts of various factors. The question we aim to answer is whether it is possible to restore the species composition and diversity of oak forests through the simulation of historical management during anthropogenic environmental changes.<\/p>\n<\/div>\n\n\n\n<div class=\"wp-block-column is-layout-flow wp-block-column-is-layout-flow\">\n<p><\/p>\n<\/div>\n<\/div>\n<\/div><\/div>\n\n\n\n<div class=\"wp-block-group alignfull has-background-color has-black-color has-text-color has-background has-link-color wp-elements-9561a4cceb735d1ea0ac35c14dfa505a is-vertical is-content-justification-stretch is-layout-flex wp-container-core-group-layout-3 wp-block-group-is-layout-flex\" style=\"background-color:#d3d1b803;min-height:40vh;margin-top:0;margin-bottom:0;padding-top:var(--wp--preset--spacing--60);padding-right:var(--wp--preset--spacing--40);padding-bottom:var(--wp--preset--spacing--60);padding-left:var(--wp--preset--spacing--40)\">\n<div class=\"wp-block-columns alignwide has-small-font-size is-layout-flex wp-container-core-columns-layout-4 wp-block-columns-is-layout-flex\">\n<div class=\"wp-block-column is-layout-flow wp-block-column-is-layout-flow\">\n<p class=\"has-text-align-center\"><\/p>\n\n\n\n<p class=\"has-text-align-center\"><strong>TECHNICAL UNIVERSITY IN ZVOLEN<\/strong><br><strong>Slovak Republic<\/strong><\/p>\n\n\n<div class=\"wp-block-image\">\n<figure class=\"aligncenter size-full is-resized\"><a href=\"https:\/\/www.tuzvo.sk\/en\" target=\"_blank\" rel=\"noreferrer noopener\"><img loading=\"lazy\" decoding=\"async\" width=\"293\" height=\"172\" src=\"\/wp-content\/uploads\/2024\/02\/logo_TUZVO.png\" alt=\"\" class=\"wp-image-465\" style=\"width:133px;height:auto\"\/><\/a><\/figure><\/div>\n\n\n<p class=\"has-text-align-center\"><br><\/p>\n\n\n\n<div style=\"height:24px\" aria-hidden=\"true\" class=\"wp-block-spacer\"><\/div>\n<\/div>\n\n\n\n<div class=\"wp-block-column is-vertically-aligned-stretch is-layout-flow wp-block-column-is-layout-flow\">\n<div class=\"wp-block-columns is-layout-flex wp-container-core-columns-layout-2 wp-block-columns-is-layout-flex\">\n<div class=\"wp-block-column is-layout-flow wp-block-column-is-layout-flow\" style=\"flex-basis:100%\">\n<p class=\"has-text-align-center\"><strong>Supported by<\/strong><\/p>\n<\/div>\n<\/div>\n\n\n\n<div class=\"wp-block-group is-vertical is-content-justification-center is-layout-flex wp-container-core-group-layout-1 wp-block-group-is-layout-flex\">\n<figure class=\"wp-block-image size-full is-resized\"><a href=\"https:\/\/www.skhu.eu\/#flipbook-p1\" target=\"_blank\" rel=\"https:\/\/www.skhu.eu\/#flipbook-p1 noopener\"><img loading=\"lazy\" decoding=\"async\" width=\"925\" height=\"119\" src=\"\/wp-content\/uploads\/2025\/04\/husk2127_full-logo-EN_v1-10.png\" alt=\"\" class=\"wp-image-593\" style=\"width:390px;height:auto\" srcset=\"\/wp-content\/uploads\/2025\/04\/husk2127_full-logo-EN_v1-10.png 925w, \/wp-content\/uploads\/2025\/04\/husk2127_full-logo-EN_v1-10-300x39.png 300w, \/wp-content\/uploads\/2025\/04\/husk2127_full-logo-EN_v1-10-768x99.png 768w\" sizes=\"(max-width: 925px) 100vw, 925px\" \/><\/a><\/figure>\n\n\n\n<div class=\"wp-block-columns is-layout-flex wp-container-core-columns-layout-3 wp-block-columns-is-layout-flex\">\n<div class=\"wp-block-column is-layout-flow wp-block-column-is-layout-flow\" style=\"flex-basis:100%\">\n<figure class=\"wp-block-image size-large is-resized\"><a href=\"https:\/\/www.apvv.sk\/\" target=\"_blank\" rel=\"noreferrer noopener\"><img loading=\"lazy\" decoding=\"async\" width=\"1024\" height=\"340\" src=\"\/wp-content\/uploads\/2024\/02\/apvv-nazov_RGB-1024x340.png\" alt=\"\" class=\"wp-image-459\" style=\"width:286px;height:auto\" srcset=\"\/wp-content\/uploads\/2024\/02\/apvv-nazov_RGB-1024x340.png 1024w, \/wp-content\/uploads\/2024\/02\/apvv-nazov_RGB-300x100.png 300w, \/wp-content\/uploads\/2024\/02\/apvv-nazov_RGB-768x255.png 768w, \/wp-content\/uploads\/2024\/02\/apvv-nazov_RGB.png 1078w\" sizes=\"(max-width: 1024px) 100vw, 1024px\" \/><\/a><\/figure>\n<\/div>\n<\/div>\n<\/div>\n\n\n\n<p>2024-2027: HUSK\/2302\/1.2\/168 #oakadapt: Increasing the ecological sustainability of oak forests by close-to-nature forestry based on experimental research (supervisor Marek Kotr\u00edk)<\/p>\n\n\n\n<p>2020 \u2013 2024: APVV-19-0319 Human land use legacies in decline of temperate forest vegetation diversity during global environmental changes (supervisor Franti\u0161ek M\u00e1li\u0161)<\/p>\n\n\n\n<p>2016 \u2013 2020: APVV-15-0270 Impact of eutrophication on species diversity of broadleaved temperate forests (supervisor Karol Ujh\u00e1zy)<\/p>\n\n\n\n<p><\/p>\n\n\n\n<div style=\"height:24px\" aria-hidden=\"true\" class=\"wp-block-spacer\"><\/div>\n<\/div>\n<\/div>\n\n\n\n<div class=\"wp-block-group alignwide is-content-justification-center is-layout-flex wp-container-core-group-layout-2 wp-block-group-is-layout-flex\"><\/div>\n<\/div>\n\n\n\n<div class=\"wp-block-group alignfull is-layout-constrained wp-block-group-is-layout-constrained\" style=\"padding-top:var(--wp--preset--spacing--30);padding-right:var(--wp--preset--spacing--30);padding-bottom:var(--wp--preset--spacing--30);padding-left:var(--wp--preset--spacing--30)\"><div class=\"wp-block-group__inner-container\">\n<div class=\"wp-block-group alignwide is-content-justification-space-between is-layout-flex wp-container-core-group-layout-5 wp-block-group-is-layout-flex\">\n<div class=\"wp-block-group is-layout-flex wp-block-group-is-layout-flex\"><\/div>\n<\/div>\n<\/div><\/div>\n","protected":false},"excerpt":{"rendered":"<p>TECHNICAL UNIVERSITY IN ZVOLENSlovak Republic Supported by 2024-2027: HUSK\/2302\/1.2\/168 #oakadapt: Increasing the ecological sustainability of oak forests by close-to-nature forestry based on experimental research (supervisor Marek Kotr\u00edk) 2020 \u2013 2024: APVV-19-0319 Human land use legacies in decline of temperate forest vegetation diversity during global environmental changes (supervisor Franti\u0161ek M\u00e1li\u0161) 2016 \u2013 2020: APVV-15-0270 Impact of [&hellip;]<\/p>\n","protected":false},"author":2,"featured_media":0,"parent":0,"menu_order":0,"comment_status":"closed","ping_status":"closed","template":"","meta":{"ocean_post_layout":"full-screen","ocean_both_sidebars_style":"","ocean_both_sidebars_content_width":0,"ocean_both_sidebars_sidebars_width":0,"ocean_sidebar":"","ocean_second_sidebar":"","ocean_disable_margins":"enable","ocean_add_body_class":"","ocean_shortcode_before_top_bar":"","ocean_shortcode_after_top_bar":"","ocean_shortcode_before_header":"","ocean_shortcode_after_header":"","ocean_has_shortcode":"","ocean_shortcode_after_title":"","ocean_shortcode_before_footer_widgets":"","ocean_shortcode_after_footer_widgets":"","ocean_shortcode_before_footer_bottom":"","ocean_shortcode_after_footer_bottom":"","ocean_display_top_bar":"on","ocean_display_header":"on","ocean_header_style":"","ocean_center_header_left_menu":"","ocean_custom_header_template":"","ocean_custom_logo":0,"ocean_custom_retina_logo":0,"ocean_custom_logo_max_width":0,"ocean_custom_logo_tablet_max_width":0,"ocean_custom_logo_mobile_max_width":0,"ocean_custom_logo_max_height":0,"ocean_custom_logo_tablet_max_height":0,"ocean_custom_logo_mobile_max_height":0,"ocean_header_custom_menu":"","ocean_menu_typo_font_family":"","ocean_menu_typo_font_subset":"","ocean_menu_typo_font_size":0,"ocean_menu_typo_font_size_tablet":0,"ocean_menu_typo_font_size_mobile":0,"ocean_menu_typo_font_size_unit":"px","ocean_menu_typo_font_weight":"","ocean_menu_typo_font_weight_tablet":"","ocean_menu_typo_font_weight_mobile":"","ocean_menu_typo_transform":"","ocean_menu_typo_transform_tablet":"","ocean_menu_typo_transform_mobile":"","ocean_menu_typo_line_height":0,"ocean_menu_typo_line_height_tablet":0,"ocean_menu_typo_line_height_mobile":0,"ocean_menu_typo_line_height_unit":"","ocean_menu_typo_spacing":0,"ocean_menu_typo_spacing_tablet":0,"ocean_menu_typo_spacing_mobile":0,"ocean_menu_typo_spacing_unit":"","ocean_menu_link_color":"#2F5061","ocean_menu_link_color_hover":"","ocean_menu_link_color_active":"","ocean_menu_link_background":"#6b8737","ocean_menu_link_hover_background":"","ocean_menu_link_active_background":"","ocean_menu_social_links_bg":"","ocean_menu_social_hover_links_bg":"","ocean_menu_social_links_color":"","ocean_menu_social_hover_links_color":"","ocean_disable_title":"on","ocean_disable_heading":"on","ocean_post_title":"","ocean_post_subheading":"","ocean_post_title_style":"","ocean_post_title_background_color":"","ocean_post_title_background":0,"ocean_post_title_bg_image_position":"","ocean_post_title_bg_image_attachment":"","ocean_post_title_bg_image_repeat":"","ocean_post_title_bg_image_size":"","ocean_post_title_height":0,"ocean_post_title_bg_overlay":0.5,"ocean_post_title_bg_overlay_color":"","ocean_disable_breadcrumbs":"default","ocean_breadcrumbs_color":"","ocean_breadcrumbs_separator_color":"","ocean_breadcrumbs_links_color":"","ocean_breadcrumbs_links_hover_color":"","ocean_display_footer_widgets":"on","ocean_display_footer_bottom":"off","ocean_custom_footer_template":"","_themeisle_gutenberg_block_has_review":false,"footnotes":""},"_links":{"self":[{"href":"https:\/\/eutrofyt.tuzvo.sk\/index.php?rest_route=\/wp\/v2\/pages\/148"}],"collection":[{"href":"https:\/\/eutrofyt.tuzvo.sk\/index.php?rest_route=\/wp\/v2\/pages"}],"about":[{"href":"https:\/\/eutrofyt.tuzvo.sk\/index.php?rest_route=\/wp\/v2\/types\/page"}],"author":[{"embeddable":true,"href":"https:\/\/eutrofyt.tuzvo.sk\/index.php?rest_route=\/wp\/v2\/users\/2"}],"replies":[{"embeddable":true,"href":"https:\/\/eutrofyt.tuzvo.sk\/index.php?rest_route=%2Fwp%2Fv2%2Fcomments&post=148"}],"version-history":[{"count":51,"href":"https:\/\/eutrofyt.tuzvo.sk\/index.php?rest_route=\/wp\/v2\/pages\/148\/revisions"}],"predecessor-version":[{"id":597,"href":"https:\/\/eutrofyt.tuzvo.sk\/index.php?rest_route=\/wp\/v2\/pages\/148\/revisions\/597"}],"wp:attachment":[{"href":"https:\/\/eutrofyt.tuzvo.sk\/index.php?rest_route=%2Fwp%2Fv2%2Fmedia&parent=148"}],"curies":[{"name":"wp","href":"https:\/\/api.w.org\/{rel}","templated":true}]}}